{"id":101,"date":"2026-01-22T19:16:22","date_gmt":"2026-01-22T19:16:22","guid":{"rendered":"https:\/\/mikset.fi\/?page_id=101"},"modified":"2026-01-25T15:17:34","modified_gmt":"2026-01-25T15:17:34","slug":"jasenedut","status":"publish","type":"page","link":"https:\/\/mikset.fi\/?page_id=101","title":{"rendered":"J\u00e4senedut"},"content":{"rendered":"\n<div class=\"wp-block-columns is-layout-flex wp-container-core-columns-is-layout-28f84493 wp-block-columns-is-layout-flex\">\n<div class=\"wp-block-column is-layout-flow wp-block-column-is-layout-flow\">\n<figure class=\"wp-block-pullquote has-text-align-left has-medium-font-size\" style=\"border-style:none;border-width:0px;margin-top:0;margin-right:0;margin-bottom:0;margin-left:0;padding-top:0;padding-right:0;padding-bottom:0;padding-left:0\"><blockquote><p><strong>ST1 Ristiinantie, Mikkeli<\/strong><br><br>PRO -j\u00e4senkorttia n\u00e4ytt\u00e4m\u00e4ll\u00e4, alennusta:<br><br>&#8211; autopesut -30%<br>&#8211; kahvi ja kuumat juomat -15%<br>&#8211; vitriinituotteet ja pullat -10%<br>&#8211; ruokailu -10%<br>&#8211; autotarvikkeet -10%<\/p><\/blockquote><\/figure>\n<\/div>\n\n\n\n<div class=\"wp-block-column is-layout-flow wp-block-column-is-layout-flow\">\n<figure class=\"wp-block-image size-full is-resized\"><img loading=\"lazy\" decoding=\"async\" width=\"720\" height=\"960\" src=\"https:\/\/mikset.fi\/wp-content\/uploads\/2026\/01\/st1.jpg\" alt=\"\" class=\"wp-image-105\" style=\"width:250px\" srcset=\"https:\/\/mikset.fi\/wp-content\/uploads\/2026\/01\/st1.jpg 720w, https:\/\/mikset.fi\/wp-content\/uploads\/2026\/01\/st1-225x300.jpg 225w\" sizes=\"auto, (max-width: 720px) 100vw, 720px\" \/><\/figure>\n<\/div>\n<\/div>\n\n\n\n<p><\/p>\n","protected":false},"excerpt":{"rendered":"<p>ST1 Ristiinantie, Mikkeli PRO -j\u00e4senkorttia n\u00e4ytt\u00e4m\u00e4ll\u00e4, alennusta: &#8211; autopesut -30%&#8211; kahvi ja kuumat juomat -15%&#8211; vitriinituotteet ja pullat -10%&#8211; ruokailu -10%&#8211; autotarvikkeet -10%<\/p>\n","protected":false},"author":1,"featured_media":0,"parent":0,"menu_order":0,"comment_status":"closed","ping_status":"closed","template":"","meta":{"zakra_page_container_layout":"customizer","zakra_page_sidebar_layout":"customizer","zakra_remove_content_margin":false,"zakra_sidebar":"customizer","zakra_transparent_header":"customizer","zakra_logo":0,"zakra_main_header_style":"default","zakra_menu_item_color":"","zakra_menu_item_hover_color":"","zakra_menu_item_active_color":"","zakra_menu_active_style":"","zakra_page_header":true,"footnotes":""},"class_list":["post-101","page","type-page","status-publish","hentry"],"_links":{"self":[{"href":"https:\/\/mikset.fi\/index.php?rest_route=\/wp\/v2\/pages\/101","targetHints":{"allow":["GET"]}}],"collection":[{"href":"https:\/\/mikset.fi\/index.php?rest_route=\/wp\/v2\/pages"}],"about":[{"href":"https:\/\/mikset.fi\/index.php?rest_route=\/wp\/v2\/types\/page"}],"author":[{"embeddable":true,"href":"https:\/\/mikset.fi\/index.php?rest_route=\/wp\/v2\/users\/1"}],"replies":[{"embeddable":true,"href":"https:\/\/mikset.fi\/index.php?rest_route=%2Fwp%2Fv2%2Fcomments&post=101"}],"version-history":[{"count":7,"href":"https:\/\/mikset.fi\/index.php?rest_route=\/wp\/v2\/pages\/101\/revisions"}],"predecessor-version":[{"id":155,"href":"https:\/\/mikset.fi\/index.php?rest_route=\/wp\/v2\/pages\/101\/revisions\/155"}],"wp:attachment":[{"href":"https:\/\/mikset.fi\/index.php?rest_route=%2Fwp%2Fv2%2Fmedia&parent=101"}],"curies":[{"name":"wp","href":"https:\/\/api.w.org\/{rel}","templated":true}]}}