{"id":16,"date":"2026-01-22T16:17:07","date_gmt":"2026-01-22T16:17:07","guid":{"rendered":"https:\/\/mikset.fi\/?page_id=16"},"modified":"2026-01-22T17:54:00","modified_gmt":"2026-01-22T17:54:00","slug":"hallitus","status":"publish","type":"page","link":"https:\/\/mikset.fi\/?page_id=16","title":{"rendered":"Hallitus"},"content":{"rendered":"\n<div class=\"wp-block-columns is-layout-flex wp-container-core-columns-is-layout-28f84493 wp-block-columns-is-layout-flex\">\n<div class=\"wp-block-column is-layout-flow wp-block-column-is-layout-flow\">\n<p><strong>J\u00e4\u00e4skel\u00e4inen Tomi<br><\/strong>Puheenjohtaja, edunvalvonta<br>o44 35o 7ooo<br>puheenjohtaja (at) mikset.fi<br><br><strong>Haikarainen Juuso<br><\/strong>Nuoriso- ja tiedotusvastaava<\/p>\n\n\n\n<p><strong>L\u00e4hde Piia<br><\/strong>Virkistystoiminta<\/p>\n\n\n\n<p><strong>Savolainen Tarja<br><\/strong>J\u00e4senhankinta<\/p>\n<\/div>\n\n\n\n<div class=\"wp-block-column is-layout-flow wp-block-column-is-layout-flow\">\n<p><strong>Hall Eveliina<br><\/strong>Varapuheenjohtaja &amp; sihteeri<br>toimisto (at) mikset.fi<br><br><br><strong>Kurki Leena<br><\/strong>Talousvastaava<\/p>\n\n\n\n<p><strong>Malinen Tuomo<br><\/strong>Koulutusvastaava<\/p>\n\n\n\n<p><strong>Tikkanen Petri<br><\/strong>Edunvalvonta<\/p>\n<\/div>\n\n\n\n<div class=\"wp-block-column is-layout-flow wp-block-column-is-layout-flow\"><\/div>\n<\/div>\n\n\n\n<p><\/p>\n","protected":false},"excerpt":{"rendered":"<p>J\u00e4\u00e4skel\u00e4inen TomiPuheenjohtaja, edunvalvontao44 35o 7ooopuheenjohtaja (at) mikset.fi Haikarainen JuusoNuoriso- ja tiedotusvastaava L\u00e4hde PiiaVirkistystoiminta Savolainen TarjaJ\u00e4senhankinta Hall EveliinaVarapuheenjohtaja &amp; sihteeritoimisto (at) mikset.fi Kurki LeenaTalousvastaava Malinen TuomoKoulutusvastaava Tikkanen PetriEdunvalvonta<\/p>\n","protected":false},"author":1,"featured_media":0,"parent":0,"menu_order":0,"comment_status":"closed","ping_status":"closed","template":"","meta":{"zakra_page_container_layout":"customizer","zakra_page_sidebar_layout":"customizer","zakra_remove_content_margin":false,"zakra_sidebar":"customizer","zakra_transparent_header":"customizer","zakra_logo":0,"zakra_main_header_style":"default","zakra_menu_item_color":"","zakra_menu_item_hover_color":"","zakra_menu_item_active_color":"","zakra_menu_active_style":"","zakra_page_header":true,"footnotes":""},"class_list":["post-16","page","type-page","status-publish","hentry"],"_links":{"self":[{"href":"https:\/\/mikset.fi\/index.php?rest_route=\/wp\/v2\/pages\/16","targetHints":{"allow":["GET"]}}],"collection":[{"href":"https:\/\/mikset.fi\/index.php?rest_route=\/wp\/v2\/pages"}],"about":[{"href":"https:\/\/mikset.fi\/index.php?rest_route=\/wp\/v2\/types\/page"}],"author":[{"embeddable":true,"href":"https:\/\/mikset.fi\/index.php?rest_route=\/wp\/v2\/users\/1"}],"replies":[{"embeddable":true,"href":"https:\/\/mikset.fi\/index.php?rest_route=%2Fwp%2Fv2%2Fcomments&post=16"}],"version-history":[{"count":10,"href":"https:\/\/mikset.fi\/index.php?rest_route=\/wp\/v2\/pages\/16\/revisions"}],"predecessor-version":[{"id":67,"href":"https:\/\/mikset.fi\/index.php?rest_route=\/wp\/v2\/pages\/16\/revisions\/67"}],"wp:attachment":[{"href":"https:\/\/mikset.fi\/index.php?rest_route=%2Fwp%2Fv2%2Fmedia&parent=16"}],"curies":[{"name":"wp","href":"https:\/\/api.w.org\/{rel}","templated":true}]}}