{"id":2,"date":"2026-01-20T20:15:46","date_gmt":"2026-01-20T20:15:46","guid":{"rendered":"https:\/\/mikset.fi\/?page_id=2"},"modified":"2026-01-22T16:16:13","modified_gmt":"2026-01-22T16:16:13","slug":"sample-page","status":"publish","type":"page","link":"https:\/\/mikset.fi\/?page_id=2","title":{"rendered":"Yhteystiedot"},"content":{"rendered":"\n<p>Toimistomme<br>Mikkelin Seudun Toimihenkil\u00f6t PRO ry<br>Runeberginaukio 4, 50100 MIKKELI<\/p>\n\n\n\n<p>Puheenjohtaja<br>Tomi J\u00e4\u00e4skel\u00e4inen<br>o44 35o 7ooo<br>puheenjohtaja (at) mikset.fi <\/p>\n\n\n\n<blockquote class=\"wp-block-quote is-layout-flow wp-block-quote-is-layout-flow\">\n<p>Kiireett\u00f6miss\u00e4 asioissa pyyd\u00e4mme asioimaan kanssamme s\u00e4hk\u00f6postitse. <br>Tavoitat meid\u00e4t s\u00e4hk\u00f6postiosoiteella toimisto (at) mikset.fi<\/p>\n<\/blockquote>\n\n\n\n<p>Joskus on aika muistaa my\u00f6s laskulla<\/p>\n\n\n\n<blockquote class=\"wp-block-quote is-layout-flow wp-block-quote-is-layout-flow\">\n<p>Laskutus asioissa, ensisijaisesti s\u00e4hk\u00f6inen lasku:<br>e-lasku 003719971384, operaattori OKOYFIHH<br>Perinteiset laskut yll\u00e4 olevaan postiosoitteeseen<\/p>\n<\/blockquote>\n\n\n\n<p><\/p>\n","protected":false},"excerpt":{"rendered":"<p>ToimistommeMikkelin Seudun Toimihenkil\u00f6t PRO ryRuneberginaukio 4, 50100 MIKKELI PuheenjohtajaTomi J\u00e4\u00e4skel\u00e4ineno44 35o 7ooopuheenjohtaja (at) mikset.fi Kiireett\u00f6miss\u00e4 asioissa pyyd\u00e4mme asioimaan kanssamme s\u00e4hk\u00f6postitse. Tavoitat meid\u00e4t s\u00e4hk\u00f6postiosoiteella toimisto (at) mikset.fi Joskus on aika muistaa [&hellip;]<\/p>\n","protected":false},"author":1,"featured_media":0,"parent":0,"menu_order":0,"comment_status":"closed","ping_status":"open","template":"","meta":{"zakra_page_container_layout":"customizer","zakra_page_sidebar_layout":"customizer","zakra_remove_content_margin":false,"zakra_sidebar":"customizer","zakra_transparent_header":"customizer","zakra_logo":0,"zakra_main_header_style":"default","zakra_menu_item_color":"","zakra_menu_item_hover_color":"","zakra_menu_item_active_color":"","zakra_menu_active_style":"","zakra_page_header":true,"footnotes":""},"class_list":["post-2","page","type-page","status-publish","hentry"],"_links":{"self":[{"href":"https:\/\/mikset.fi\/index.php?rest_route=\/wp\/v2\/pages\/2","targetHints":{"allow":["GET"]}}],"collection":[{"href":"https:\/\/mikset.fi\/index.php?rest_route=\/wp\/v2\/pages"}],"about":[{"href":"https:\/\/mikset.fi\/index.php?rest_route=\/wp\/v2\/types\/page"}],"author":[{"embeddable":true,"href":"https:\/\/mikset.fi\/index.php?rest_route=\/wp\/v2\/users\/1"}],"replies":[{"embeddable":true,"href":"https:\/\/mikset.fi\/index.php?rest_route=%2Fwp%2Fv2%2Fcomments&post=2"}],"version-history":[{"count":1,"href":"https:\/\/mikset.fi\/index.php?rest_route=\/wp\/v2\/pages\/2\/revisions"}],"predecessor-version":[{"id":15,"href":"https:\/\/mikset.fi\/index.php?rest_route=\/wp\/v2\/pages\/2\/revisions\/15"}],"wp:attachment":[{"href":"https:\/\/mikset.fi\/index.php?rest_route=%2Fwp%2Fv2%2Fmedia&parent=2"}],"curies":[{"name":"wp","href":"https:\/\/api.w.org\/{rel}","templated":true}]}}