{"id":43,"date":"2026-01-22T16:59:50","date_gmt":"2026-01-22T16:59:50","guid":{"rendered":"https:\/\/mikset.fi\/?page_id=43"},"modified":"2026-01-22T17:44:44","modified_gmt":"2026-01-22T17:44:44","slug":"etusivu","status":"publish","type":"page","link":"https:\/\/mikset.fi\/","title":{"rendered":"Etusivu"},"content":{"rendered":"\n<div class=\"wp-block-columns is-layout-flex wp-container-core-columns-is-layout-28f84493 wp-block-columns-is-layout-flex\">\n<div class=\"wp-block-column is-layout-flow wp-block-column-is-layout-flow\">\n<figure class=\"wp-block-pullquote has-text-align-left has-medium-font-size\" style=\"border-style:none;border-width:0px;border-top-left-radius:0px;border-top-right-radius:0px;border-bottom-left-radius:0px;border-bottom-right-radius:0px;margin-top:0;margin-right:0;margin-bottom:0;margin-left:0;padding-top:0;padding-bottom:0\"><blockquote><p>Mikkelin Seudun Toimihenkil\u00f6t PRO ry on Etel\u00e4-Savon alueella toimiva Ammattiliitto PRO ry j\u00e4senyhdistys. <br><br>Yhdistyksemme j\u00e4rjest\u00e4\u00e4 j\u00e4senist\u00f6llemme yhteisty\u00f6ss\u00e4 kumppaneidemme kanssa koulutuksia, tapahtumia, sek\u00e4 virkistysmatkoja.<br><br>Tule osaksi voimajoukkoamme ja liity j\u00e4seneksi jo t\u00e4n\u00e4\u00e4n osoitteessa <a href=\"https:\/\/lomakkeet.proliitto.fi\" data-type=\"link\" data-id=\"https:\/\/lomakkeet.proliitto.fi\">www.proliitto.fi<\/a>.<\/p><\/blockquote><\/figure>\n<\/div>\n\n\n\n<div class=\"wp-block-column is-layout-flow wp-block-column-is-layout-flow\">\n<figure class=\"wp-block-image size-full is-resized\"><img loading=\"lazy\" decoding=\"async\" width=\"381\" height=\"598\" src=\"https:\/\/mikset.fi\/wp-content\/uploads\/2026\/01\/Torniloinen.jpg\" alt=\"\" class=\"wp-image-54\" style=\"aspect-ratio:0.6371366774317798;width:303px;height:auto\" srcset=\"https:\/\/mikset.fi\/wp-content\/uploads\/2026\/01\/Torniloinen.jpg 381w, https:\/\/mikset.fi\/wp-content\/uploads\/2026\/01\/Torniloinen-191x300.jpg 191w\" sizes=\"auto, (max-width: 381px) 100vw, 381px\" \/><\/figure>\n<\/div>\n<\/div>\n\n\n\n<figure class=\"wp-block-embed is-type-video is-provider-youtube wp-block-embed-youtube wp-embed-aspect-16-9 wp-has-aspect-ratio\" style=\"margin-top:var(--wp--preset--spacing--80);margin-right:0;margin-bottom:var(--wp--preset--spacing--80);margin-left:0\"><div class=\"wp-block-embed__wrapper\">\n<div class=\"zak-oembed-container\"><iframe loading=\"lazy\" title=\"Miksi ammattiliittoon kuuluminen on t\u00e4rke\u00e4\u00e4?\" width=\"812\" height=\"457\" src=\"https:\/\/www.youtube.com\/embed\/QX6JokIUMK8?feature=oembed\" frameborder=\"0\" allow=\"accelerometer; autoplay; clipboard-write; encrypted-media; gyroscope; picture-in-picture; web-share\" referrerpolicy=\"strict-origin-when-cross-origin\" allowfullscreen><\/iframe><\/div>\n<\/div><\/figure>\n\n\n\n<p><\/p>\n","protected":false},"excerpt":{"rendered":"<p>Mikkelin Seudun Toimihenkil\u00f6t PRO ry on Etel\u00e4-Savon alueella toimiva Ammattiliitto PRO ry j\u00e4senyhdistys. Yhdistyksemme j\u00e4rjest\u00e4\u00e4 j\u00e4senist\u00f6llemme yhteisty\u00f6ss\u00e4 kumppaneidemme kanssa koulutuksia, tapahtumia, sek\u00e4 virkistysmatkoja. Tule osaksi voimajoukkoamme ja liity j\u00e4seneksi jo [&hellip;]<\/p>\n","protected":false},"author":1,"featured_media":0,"parent":0,"menu_order":0,"comment_status":"closed","ping_status":"closed","template":"","meta":{"zakra_page_container_layout":"customizer","zakra_page_sidebar_layout":"customizer","zakra_remove_content_margin":false,"zakra_sidebar":"customizer","zakra_transparent_header":"customizer","zakra_logo":0,"zakra_main_header_style":"default","zakra_menu_item_color":"","zakra_menu_item_hover_color":"","zakra_menu_item_active_color":"","zakra_menu_active_style":"","zakra_page_header":true,"footnotes":""},"class_list":["post-43","page","type-page","status-publish","hentry"],"_links":{"self":[{"href":"https:\/\/mikset.fi\/index.php?rest_route=\/wp\/v2\/pages\/43","targetHints":{"allow":["GET"]}}],"collection":[{"href":"https:\/\/mikset.fi\/index.php?rest_route=\/wp\/v2\/pages"}],"about":[{"href":"https:\/\/mikset.fi\/index.php?rest_route=\/wp\/v2\/types\/page"}],"author":[{"embeddable":true,"href":"https:\/\/mikset.fi\/index.php?rest_route=\/wp\/v2\/users\/1"}],"replies":[{"embeddable":true,"href":"https:\/\/mikset.fi\/index.php?rest_route=%2Fwp%2Fv2%2Fcomments&post=43"}],"version-history":[{"count":12,"href":"https:\/\/mikset.fi\/index.php?rest_route=\/wp\/v2\/pages\/43\/revisions"}],"predecessor-version":[{"id":62,"href":"https:\/\/mikset.fi\/index.php?rest_route=\/wp\/v2\/pages\/43\/revisions\/62"}],"wp:attachment":[{"href":"https:\/\/mikset.fi\/index.php?rest_route=%2Fwp%2Fv2%2Fmedia&parent=43"}],"curies":[{"name":"wp","href":"https:\/\/api.w.org\/{rel}","templated":true}]}}